{"id":760,"date":"2019-01-26T16:15:40","date_gmt":"2019-01-26T14:15:40","guid":{"rendered":"http:\/\/samatrix.net\/?page_id=760"},"modified":"2025-03-30T09:32:40","modified_gmt":"2025-03-30T07:32:40","slug":"impressum","status":"publish","type":"page","link":"https:\/\/samatrix.net\/?page_id=760","title":{"rendered":"Impressum"},"content":{"rendered":"\n<p>Informationspflicht laut \u00a75 E-Commerce Gesetz, \u00a714 Unternehmensgesetzbuch, \u00a763 Gewerbeordnung und Offenlegungspflicht laut \u00a725 Mediengesetz.<\/p>\n\n\n\n<p>Sascha Marte<\/p>\n\n\n\n<p>Stockach 12\/6, <br>6850 Dornbirn, <br>\u00d6sterreich<\/p>\n\n\n\n<p> <strong>E-Mail:<\/strong> <a href=\"mailto:samatrix(ad)samatrix.net\">samatrix(ad)samatrix.net<\/a> <\/p>\n\n\n\n<p><\/p>\n\n\n\n<p>Quelle: Erstellt&nbsp;mit dem&nbsp;Impressum Generator von <a href=\"https:\/\/www.adsimple.at\" target=\"_blank\" rel=\"noreferrer noopener\">adsimple.at<\/a>&nbsp;in Kooperation mit <a href=\"https:\/\/www.geschenkekaufen.at\" target=\"_blank\" rel=\"noreferrer noopener\">geschenkekaufen.at<\/a>\n<\/p>\n\n\n\n<h2 class=\"wp-block-heading\">EU-Streitschlichtung<\/h2>\n\n\n\n<p>Gem\u00e4\u00df Verordnung \u00fcber Online-Streitbeilegung in Verbraucherangelegenheiten (ODR-Verordnung) m\u00f6chten wir Sie \u00fcber die Online-Streitbeilegungsplattform (OS-Plattform) informieren.<br>\nVerbraucher haben die M\u00f6glichkeit, Beschwerden an die Online Streitbeilegungsplattform der Europ\u00e4ischen Kommission unter <a href=\"https:\/\/ec.europa.eu\/consumers\/odr\/main\/index.cfm?event=main.home2.show&amp;lng=DE\" target=\"_blank\" rel=\"noreferrer noopener\">http:\/\/ec.europa.eu\/odr?tid=121099202<\/a> zu richten. Die daf\u00fcr notwendigen Kontaktdaten finden Sie oberhalb in unserem Impressum.<\/p>\n\n\n\n<p>Wir m\u00f6chten Sie jedoch darauf hinweisen, dass wir nicht bereit oder verpflichtet sind, an Streitbeilegungsverfahren vor einer Verbraucherschlichtungsstelle teilzunehmen.<\/p>\n\n\n\n<h2 class=\"wp-block-heading\">Haftung f\u00fcr Inhalte dieser Webseite<\/h2>\n\n\n\n<p>Wir entwickeln die Inhalte dieser Webseite st\u00e4ndig weiter und bem\u00fchen uns korrekte und aktuelle Informationen bereitzustellen. Leider k\u00f6nnen wir keine Haftung f\u00fcr die Korrektheit aller Inhalte auf dieser Webseite \u00fcbernehmen, speziell f\u00fcr jene die seitens Dritter bereitgestellt wurden.<\/p>\n\n\n\n<p>Sollten Ihnen problematische oder rechtswidrige Inhalte auffallen, bitten wir Sie uns umgehend zu kontaktieren, Sie finden die Kontaktdaten im Impressum.<\/p>\n\n\n\n<h2 class=\"wp-block-heading\">Haftung f\u00fcr Links auf dieser Webseite<\/h2>\n\n\n\n<p>Unsere Webseite enth\u00e4lt Links zu anderen Webseiten f\u00fcr deren Inhalt wir nicht verantwortlich sind. Haftung f\u00fcr verlinkte Websites besteht laut <a href=\"https:\/\/www.ris.bka.gv.at\/Dokument.wxe?Abfrage=Bundesnormen&amp;Dokumentnummer=NOR40025813&amp;tid=121099202\" target=\"_blank\" rel=\"noreferrer noopener\">\u00a7 17 ECG<\/a> f\u00fcr uns nicht, da wir keine Kenntnis rechtswidriger T\u00e4tigkeiten hatten und haben, uns solche Rechtswidrigkeiten auch bisher nicht aufgefallen sind und wir Links sofort entfernen w\u00fcrden, wenn uns Rechtswidrigkeiten bekannt werden.<\/p>\n\n\n\n<p>Wenn Ihnen rechtswidrige Links auf unserer Website auffallen, bitten wir Sie uns zu kontaktieren, Sie finden die Kontaktdaten im Impressum.<\/p>\n\n\n\n<h2 class=\"wp-block-heading\">Urheberrechtshinweis<\/h2>\n\n\n\n<p>Alle Inhalte dieser Webseite (Bilder, Fotos, Texte, Videos) unterliegen dem Urheberrecht. Falls notwendig, werden wir die unerlaubte Nutzung von Teilen der Inhalte unserer Seite rechtlich verfolgen.<\/p>\n\n\n\n<p>Sollten Sie auf dieser Webseite Inhalte finden, die das Urheberrecht verletzen, bitten wir Sie uns zu kontaktieren.<\/p>\n\n\n\n<h2 class=\"wp-block-heading\">Bildernachweis<\/h2>\n\n\n\n<p>Die Bilder, Fotos und Grafiken auf dieser Webseite sind urheberrechtlich gesch\u00fctzt.<\/p>\n\n\n\n<p>Die Bilderrechte liegen bei den folgenden Fotografen und Unternehmen:<\/p>\n\n\n\n<ul class=\"wp-block-list\">\n<li>Sascha Marte<\/li>\n<\/ul>\n\n\n\n<h1 class=\"wp-block-heading\">Datenschutzerkl\u00e4rung<\/h1>\n\n\n\n<h2 class=\"wp-block-heading\">Datenschutz<\/h2>\n\n\n\n<p>Wir haben diese Datenschutzerkl\u00e4rung (Fassung 26.01.2019-121099202) verfasst, um Ihnen gem\u00e4\u00df der Vorgaben der Datenschutz-Grundverordnung (EU) 2016\/679 und dem <a href=\"https:\/\/www.ris.bka.gv.at\/GeltendeFassung.wxe?Abfrage=Bundesnormen&amp;Gesetzesnummer=10001597&amp;tid=121099202\" target=\"_blank\" rel=\"noreferrer noopener\">Datenschutzgesetz (DSG)<\/a> zu erkl\u00e4ren, welche Informationen wir sammeln, wie wir Daten verwenden und welche Entscheidungsm\u00f6glichkeiten Sie als Besucher dieser Webseite haben.<\/p>\n\n\n\n<p>Leider liegt es in der Natur der Sache, dass diese Erkl\u00e4rungen sehr technisch klingen, wir haben uns bei der Erstellung jedoch bem\u00fcht die wichtigsten Dinge so einfach und klar wie m\u00f6glich zu beschreiben.<\/p>\n\n\n\n<h2 class=\"wp-block-heading\">Automatische Datenspeicherung<\/h2>\n\n\n\n<p>Wenn Sie heutzutage Webseiten besuchen, werden gewisse Informationen automatisch erstellt und gespeichert, so auch auf dieser Webseite.<\/p>\n\n\n\n<p>Wenn Sie unsere Webseite so wie jetzt gerade besuchen, speichert unser Webserver (Computer auf dem diese Webseite gespeichert ist) automatisch Daten wie<\/p>\n\n\n\n<ul class=\"wp-block-list\">\n<li>die Adresse (URL) der aufgerufenen Webseite<\/li>\n\n\n\n<li>Browser und Browserversion<\/li>\n\n\n\n<li>das verwendete Betriebssystem<\/li>\n\n\n\n<li>die Adresse (URL) der zuvor besuchten Seite (Referrer URL)<\/li>\n\n\n\n<li>den Hostname und die IP-Adresse des Ger\u00e4ts von welchem aus zugegriffen wird<\/li>\n\n\n\n<li>Datum und Uhrzeit<\/li>\n<\/ul>\n\n\n\n<p>in Dateien (Webserver-Logfiles).<\/p>\n\n\n\n<p>In der Regel werden Webserver-Logfiles zwei Wochen gespeichert und danach automatisch gel\u00f6scht. Wir geben diese Daten nicht weiter, k\u00f6nnen jedoch nicht ausschlie\u00dfen, dass diese Daten beim Vorliegen von rechtswidrigem Verhalten eingesehen werden.<br>\nDie Rechtsgrundlage besteht nach <a href=\"https:\/\/eur-lex.europa.eu\/legal-content\/DE\/TXT\/HTML\/?uri=CELEX:32016R0679&amp;from=DE&amp;tid=121099202\" target=\"_blank\" rel=\"noreferrer noopener\">Artikel 6&nbsp; Absatz 1 f DSGVO<\/a> (Rechtm\u00e4\u00dfigkeit der Verarbeitung) darin, dass berechtigtes Interesse daran besteht, den fehlerfreien Betrieb dieser Webseite durch das Erfassen von Webserver-Logfiles zu erm\u00f6glichen.<\/p>\n\n\n\n<h2 class=\"wp-block-heading\">Rechte laut Datenschutzgrundverordnung<\/h2>\n\n\n\n<p>Ihnen stehen laut den Bestimmungen der DSGVO und des \u00f6sterreichischen <a href=\"https:\/\/www.ris.bka.gv.at\/GeltendeFassung.wxe?Abfrage=Bundesnormen&amp;Gesetzesnummer=10001597&amp;tid=121099202\" target=\"_blank\" rel=\"noreferrer noopener\">Datenschutzgesetzes (DSG)<\/a> grunds\u00e4tzlich die folgende Rechte zu:<\/p>\n\n\n\n<ul class=\"wp-block-list\">\n<li>Recht auf Berichtung (Artikel 16 DSGVO)<\/li>\n\n\n\n<li>Recht auf L\u00f6schung (\u201eRecht auf Vergessenwerden\u201c) (Artikel 17 DSGVO)<\/li>\n\n\n\n<li>Recht auf Einschr\u00e4nkung der Verarbeitung (Artikel 18 DSGVO)<\/li>\n\n\n\n<li>Recht auf Benachrichtigung \u2013 Mitteilungspflicht im Zusammenhang mit der Berichtigung oder L\u00f6schung personenbezogener Daten oder der Einschr\u00e4nkung der Verarbeitung (Artikel 19 DSGVO)<\/li>\n\n\n\n<li>Recht auf Daten\u00fcbertragbarkeit (Artikel 20 DSGVO)<\/li>\n\n\n\n<li>Widerspruchsrecht (Artikel 21 DSGVO)<\/li>\n\n\n\n<li>Recht, nicht einer ausschlie\u00dflich auf einer automatisierten Verarbeitung \u2014 einschlie\u00dflich Profiling \u2014 beruhenden Entscheidung unterworfen zu werden (Artikel 22 DSGVO)<\/li>\n<\/ul>\n\n\n\n<p>Wenn Sie glauben, dass die Verarbeitung Ihrer Daten gegen das Datenschutzrecht verst\u00f6\u00dft oder Ihre datenschutzrechtlichen Anspr\u00fcche sonst in einer Weise verletzt worden sind, k\u00f6nnen Sie sich bei der Aufsichtsbeh\u00f6rde beschweren, welche in \u00d6sterreich die Datenschutzbeh\u00f6rde ist, deren Webseite Sie unter <a href=\"https:\/\/www.dsb.gv.at\/?tid=121099202\">https:\/\/www.dsb.gv.at\/<\/a> finden.<\/p>\n\n\n\n<h2 class=\"wp-block-heading\">Auswertung des Besucherverhaltens<\/h2>\n\n\n\n<p>In der folgenden Datenschutzerkl\u00e4rung informieren wir Sie dar\u00fcber, ob und wie wir Daten Ihres Besuchs dieser Website auswerten. Die Auswertung der gesammelten Daten erfolgt in der Regel anonym und wir k\u00f6nnen von Ihrem Verhalten auf dieser Website nicht auf Ihre Person schlie\u00dfen.<\/p>\n\n\n\n<p>Mehr \u00fcber M\u00f6glichkeiten dieser Auswertung der Besuchsdaten zu widersprechen erfahren Sie in der folgenden Datenschutzerkl\u00e4rung.<\/p>\n\n\n\n<h2 class=\"wp-block-heading\">Cookies<\/h2>\n\n\n\n<p>Unsere Website verwendet HTTP-Cookies um nutzerspezifische Daten zu speichern.<br>\nEin Cookie ist ein kurzes Datenpaket, welches zwischen Webbrowser und Webserver ausgetauscht wird, f\u00fcr diese aber v\u00f6llig bedeutungslos ist und erst f\u00fcr die Webanwendung, z. B. einen Online-Shop, eine Bedeutung erh\u00e4lt, etwa den Inhalt eines virtuellen Warenkorbes.<\/p>\n\n\n\n<p>Es gibt zwei Arten von Cookies: Erstanbieter-Cookies werden von unserer Website erstellt, Drittanbieter-Cookies werden von anderen Websites (z. B. Google Analytics) erstellt.<br>\nBeispielhafte Cookiedaten:<\/p>\n\n\n\n<ul class=\"wp-block-list\">\n<li>Name: _ga<\/li>\n\n\n\n<li>Ablaufzeit: 2 Jahre<\/li>\n\n\n\n<li>Verwendung: Unterscheidung der Webseitenbesucher<\/li>\n\n\n\n<li>Beispielhafter Wert:\u00a0GA1.2.1326744211.152121099202<\/li>\n<\/ul>\n\n\n\n<p>Man unterscheidet drei Kategorien von Cookies: unbedingt notwendige Cookies um grundlegende Funktionen der Website sicherzustellen, funktionelle Cookies um die Leistung der Webseite sicherzustellen und zielorientierte Cookies um das Benutzererlebnis zu verbessern.<\/p>\n\n\n\n<p>Wir nutzen Cookies, um unsere Webseite nutzerfreundlicher zu gestalten. Einige Cookies bleiben auf Ihrem Endger\u00e4t gespeichert, bis Sie diese l\u00f6schen. Sie erm\u00f6glichen es uns, Ihren Browser beim n\u00e4chsten Besuch wiederzuerkennen.<\/p>\n\n\n\n<h3 class=\"wp-block-heading\">Cookie Einstellungen sehen und Cookies l\u00f6schen<\/h3>\n\n\n\n<p>Wenn Sie feststellen m\u00f6chten, welche Cookies in Ihrem Browser gespeichert wurden, Cookie-Einstellungen \u00e4ndern oder Cookies l\u00f6schen m\u00f6chten, k\u00f6nnen Sie dies in Ihren Browser-Einstellungen finden:<\/p>\n\n\n\n<ul class=\"wp-block-list\">\n<li><br><a href=\"https:\/\/support.apple.com\/kb\/ph21411?locale=de_AT\" target=\"_blank\" rel=\"noreferrer noopener\">Safari: Verwalten von Cookies und Websitedaten mit Safari<\/a><br><\/li>\n\n\n\n<li><br><a href=\"https:\/\/support.mozilla.org\/de\/kb\/cookies-loeschen-daten-von-websites-entfernen\" target=\"_blank\" rel=\"noreferrer noopener\">Firefox: Cookies l\u00f6schen, um Daten zu entfernen, die Websites auf Ihrem Computer abgelegt haben<\/a><br><\/li>\n\n\n\n<li><br><a href=\"https:\/\/support.google.com\/chrome\/answer\/95647?co=GENIE.Platform%3DDesktop&amp;hl=de\" target=\"_blank\" rel=\"noreferrer noopener\">Chrome: Cookies in Chrome l\u00f6schen, aktivieren und verwalten<\/a><br><\/li>\n\n\n\n<li><br><a href=\"https:\/\/support.microsoft.com\/de-at\/help\/17442\/windows-internet-explorer-delete-manage-cookies\" target=\"_blank\" rel=\"noreferrer noopener\">Internet Explorer: L\u00f6schen und Verwalten von Cookies<\/a><br><\/li>\n<\/ul>\n\n\n\n<p>Wenn Sie die Speicherung von Daten in Cookies nicht w\u00fcnschen, so k\u00f6nnen Sie Ihren Browser so einrichten, dass er Sie \u00fcber das Setzen von Cookies informiert und Sie dies nur im Einzelfall erlauben.&nbsp;Sie k\u00f6nnen jederzeit Cookies, die sich bereits auf Ihrem Computer befinden, l\u00f6schen oder Cookies deaktivieren. Die Vorgangsweise dazu ist nach Browser unterschiedlich, am besten Sie suchen die Anleitung in Google mit dem Suchbegriff \u201cCookies l\u00f6schen Chrome\u201d oder \u201cCookies deaktivieren Chrome\u201d im Falle eines Chrome Browsers oder tauschen das Wort \u201cChrome\u201d gegen den Namen Ihres Browsers, z. B. Edge, Firefox, Safari aus.<br>\nWenn Sie uns generell nicht gestatten, Cookies zu nutzen, d.h. diese per Browsereinstellung deaktivieren, k\u00f6nnen manche Funktionen und Seiten nicht wie erwartet funktionieren.<\/p>\n\n\n\n<h2 class=\"wp-block-heading\">Google Fonts Datenschutzerkl\u00e4rung<\/h2>\n\n\n\n<p>Wir verwenden Google Fonts der Firma Google Inc. (1600 Amphitheatre Parkway Mountain View, CA 94043, USA) auf unserer Webseite. Die Verwendung von Google Fonts erfolgt ohne Authentisierung und es werden keine Cookies an die Google Fonts API gesendet. Sollten Sie ein Konto bei Google haben, werden keine Ihrer Google-Kontodaten an Google w\u00e4hrend der Nutzung von Google Fonts \u00fcbermittelt. Google erfasst lediglich die Nutzung von CSS und der verwendeten Fonts und speichert diese Daten sicher. Mehr zu diesen und weiteren Fragen finden Sie auf <a href=\"https:\/\/developers.google.com\/fonts\/faq\">https:\/\/developers.google.com\/fonts\/faq?tid=121099202<\/a>.<\/p>\n\n\n\n<p>Welche Daten von Google erfasst werden und wof\u00fcr diese Daten verwendet werden, k\u00f6nnen Sie auf <a href=\"https:\/\/www.google.com\/intl\/de\/policies\/privacy\/\">https:\/\/www.google.com\/intl\/de\/policies\/privacy\/<\/a> nachlesen.<\/p>\n\n\n\n<h2 class=\"wp-block-heading\">Google Analytics Datenschutzerkl\u00e4rung<\/h2>\n\n\n\n<p>Wir verwenden auf dieser Website Google Analytics der Firma Google LLC (1600 Amphitheatre Parkway Mountain View, CA 94043, USA) um Besucherdaten statistisch auszuwerten. Dabei verwendet Google Analytics zielorientierte Cookies.<\/p>\n\n\n\n<h3 class=\"wp-block-heading\">Cookies von Google Analytics<\/h3>\n\n\n\n<ul class=\"wp-block-list\">\n<li>_ga\n<ul class=\"wp-block-list\">\n<li>Ablaufzeit: 2 Jahre<\/li>\n\n\n\n<li>Verwendung: Unterscheidung der Webseitenbesucher<\/li>\n\n\n\n<li>Beispielhafter Wert:\u00a0GA1.2.1326744211.152121099202<\/li>\n<\/ul>\n<\/li>\n\n\n\n<li>_gid\n<ul class=\"wp-block-list\">\n<li>Ablaufzeit: 24 Stunden<\/li>\n\n\n\n<li>Verwendung: Unterscheidung der Webseitenbesucher<\/li>\n\n\n\n<li>Beispielhafter Wert: GA1.2.1687193234.152121099202<\/li>\n<\/ul>\n<\/li>\n\n\n\n<li>_gat_gtag_UA_\n<ul class=\"wp-block-list\">\n<li>Ablaufzeit: 1 Minute<\/li>\n\n\n\n<li>Verwendung:\u00a0Wird zum Drosseln der Anforderungsrate verwendet. Wenn Google Analytics \u00fcber den Google Tag Manager bereitgestellt wird, erh\u00e4lt dieser Cookie den Namen _dc_gtm_ .<\/li>\n\n\n\n<li>Beispielhafter Wert: 1<\/li>\n<\/ul>\n<\/li>\n<\/ul>\n\n\n\n<p>N\u00e4here Informationen zu Nutzungsbedingungen und Datenschutz finden Sie unter <a href=\"http:\/\/www.google.com\/analytics\/terms\/de.html\">http:\/\/www.google.com\/analytics\/terms\/de.html<\/a> bzw. unter <a href=\"https:\/\/support.google.com\/analytics\/answer\/6004245?hl=de\">https:\/\/support.google.com\/analytics\/answer\/6004245?hl=de<\/a>.<\/p>\n\n\n\n<h3 class=\"wp-block-heading\">Pseudonymisierung<\/h3>\n\n\n\n<p>Unser Anliegen im Sinne der DSGVO ist die Verbesserung unseres Angebotes und unseres Webauftritts. Da uns die Privatsph\u00e4re unserer Nutzer wichtig ist, werden die Nutzerdaten pseudonymisiert.&nbsp;Die Datenverarbeitung erfolgt auf Basis der gesetzlichen Bestimmungen des \u00a7 96 Abs 3 TKG sowie des Art 6 EU-DSGVO Abs 1 lit a (Einwilligung) und\/oder f (berechtigtes Interesse) der DSGVO.<\/p>\n\n\n\n<h3 class=\"wp-block-heading\">Deaktivierung der Datenerfassung durch Google Analytics<\/h3>\n\n\n\n<p>Mithilfe des <strong>Browser-Add-ons zur Deaktivierung<\/strong> von Google Analytics-JavaScript (ga.js, analytics.js, dc.js) k\u00f6nnen Website-Besucher verhindern, dass Google Analytics ihre Daten verwendet.<\/p>\n\n\n\n<p>Sie k\u00f6nnen die Erfassung der durch das Cookie erzeugten und auf Ihre Nutzung der Website bezogenen Daten an Google sowie die Verarbeitung dieser Daten durch Google verhindern, indem Sie das unter dem folgenden Link verf\u00fcgbare Browser-Plugin herunterladen und installieren: <a href=\"https:\/\/tools.google.com\/dlpage\/gaoptout?hl=de\">https:\/\/tools.google.com\/dlpage\/gaoptout?hl=de<\/a>\n<\/p>\n\n\n\n<h2 class=\"wp-block-heading\">Google Maps Datenschutzerkl\u00e4rung<\/h2>\n\n\n\n<p>Wir verwenden Google Maps der Firma Google Inc. (1600 Amphitheatre Parkway Mountain View, CA 94043, USA) auf unserer Webseite.<\/p>\n\n\n\n<p>Durch die Nutzung der Funktionen dieser Karte werden Daten an Google \u00fcbertragen. Welche Daten von Google erfasst werden und wof\u00fcr diese Daten verwendet werden, k\u00f6nnen Sie auf <a href=\"https:\/\/www.google.com\/intl\/de\/policies\/privacy\/\">https:\/\/www.google.com\/intl\/de\/policies\/privacy\/<\/a> nachlesen.<\/p>\n\n\n\n<h2 class=\"wp-block-heading\">Eingebettete Social Media Elemente Datenschutzerkl\u00e4rung<\/h2>\n\n\n\n<p>Wir binden auf unserer Webseite Elemente von Social Media Diensten ein um Bilder, Videos und Texte anzuzeigen.<br>\nDurch den Besuch von Seiten die diese Elemente darstellen, werden Daten von Ihrem Browser zum jeweiligen Social Media Dienst \u00fcbertragen und dort gespeichert. Wir haben keinen Zugriff auf diese Daten.<br>\nDie folgenden Links f\u00fchren Sie zu den Seiten der jeweiligen Social Media Dienste wo erkl\u00e4rt wird, wie diese mit Ihren Daten umgehen:<\/p>\n\n\n\n<ul class=\"wp-block-list\">\n<li>Instagram-Datenschutzrichtlinie: <a href=\"https:\/\/help.instagram.com\/519522125107875?tid=121099202\" target=\"_blank\" rel=\"noreferrer noopener\">https:\/\/help.instagram.com\/519522125107875<\/a><br><\/li>\n\n\n\n<li>F\u00fcr YouTube gilt die Google Datenschutzerkl\u00e4rung: <a href=\"https:\/\/policies.google.com\/privacy?hl=de&amp;tid=121099202\" target=\"_blank\" rel=\"noreferrer noopener\">https:\/\/policies.google.com\/privacy?hl=de<\/a><br><\/li>\n\n\n\n<li>Facebook-Datenrichtline:\u00a0<a href=\"https:\/\/www.facebook.com\/about\/privacy?tid=121099202\" target=\"_blank\" rel=\"noreferrer noopener\">https:\/\/www.facebook.com\/about\/privacy<\/a><br><\/li>\n<\/ul>\n\n\n\n<h2 class=\"wp-block-heading\">YouTube Datenschutzerkl\u00e4rung<\/h2>\n\n\n\n<p>Wir verwenden auf dieser Seite des Videodienstes YouTube, der Firma YouTube, LLC, 901 Cherry Ave., San Bruno, CA 94066, USA.<\/p>\n\n\n\n<p>Durch das Aufrufen von Seiten unserer Webseite, die YouTube Videos integriert haben, werden Daten an YouTube \u00fcbertragen, gespeichert und ausgewertet.<br>\nSollten Sie ein YouTube-Konto haben und angemeldet sein, werden diese Daten Ihrem pers\u00f6nlichen Konto und den darin gespeicherten Daten zugeordnet.<\/p>\n\n\n\n<p>Welche Daten von Google erfasst werden und wof\u00fcr diese Daten verwendet werden, k\u00f6nnen Sie auf <a href=\"https:\/\/www.google.com\/intl\/de\/policies\/privacy\/\">https:\/\/www.google.com\/intl\/de\/policies\/privacy\/<\/a> nachlesen.<\/p>\n\n\n\n<h2 class=\"wp-block-heading\">Instagram Datenschutzerkl\u00e4rung<\/h2>\n\n\n\n<p>Wir verwenden auf unserer Webseite Funktionen des Social Media Netzwerks Instagram der Firma Instagram LLC, 1601 Willow Rd, Menlo Park CA 94025, USA.<\/p>\n\n\n\n<p>Mit den Funktionen zum Einbetten von Instagram-Inhalten (Embed-Funktion) k\u00f6nnen wir Bilder und Videos anzeigen.<\/p>\n\n\n\n<p>Durch den Aufruf von Seiten die solche Funktionen nutzen werden Daten (IP-Adresse, Browserdaten, Datum, Uhrzeit, Cookies) an Instagram \u00fcbermittelt, gespeichert und ausgewertet.<\/p>\n\n\n\n<p>Sollten Sie ein Instagram-Konto haben und angemeldet sein, werden diese Daten Ihrem pers\u00f6nlichen Konto und den darin gespeicherten Daten zugeordnet.<\/p>\n\n\n\n<p>Die Datenschutzrichtlinien, welche Informationen Instagram sammelt und wie sie diese verwenden finden Sie auf <a href=\"https:\/\/help.instagram.com\/519522125107875?tid=121099202\" target=\"_blank\" rel=\"noreferrer noopener\">https:\/\/help.instagram.com\/519522125107875<\/a>.<\/p>\n","protected":false},"excerpt":{"rendered":"<p>Informationspflicht laut \u00a75 E-Commerce Gesetz, \u00a714 Unternehmensgesetzbuch, \u00a763 Gewerbeordnung und Offenlegungspflicht laut \u00a725 Mediengesetz. Sascha Marte Stockach 12\/6, 6850 Dornbirn, \u00d6sterreich E-Mail: samatrix(ad)samatrix.net Quelle: Erstellt&nbsp;mit dem&nbsp;Impressum Generator von adsimple.at&nbsp;in Kooperation mit geschenkekaufen.at EU-Streitschlichtung Gem\u00e4\u00df Verordnung \u00fcber Online-Streitbeilegung in Verbraucherangelegenheiten (ODR-Verordnung) m\u00f6chten wir Sie \u00fcber die Online-Streitbeilegungsplattform (OS-Plattform) informieren. Verbraucher haben die M\u00f6glichkeit, Beschwerden an die &#8230; <a title=\"Impressum\" class=\"read-more\" href=\"https:\/\/samatrix.net\/?page_id=760\" aria-label=\"Mehr Informationen \u00fcber Impressum\">Weiterlesen<\/a><\/p>\n","protected":false},"author":1,"featured_media":0,"parent":0,"menu_order":0,"comment_status":"closed","ping_status":"closed","template":"","meta":{"footnotes":""},"class_list":["post-760","page","type-page","status-publish"],"_links":{"self":[{"href":"https:\/\/samatrix.net\/index.php?rest_route=\/wp\/v2\/pages\/760","targetHints":{"allow":["GET"]}}],"collection":[{"href":"https:\/\/samatrix.net\/index.php?rest_route=\/wp\/v2\/pages"}],"about":[{"href":"https:\/\/samatrix.net\/index.php?rest_route=\/wp\/v2\/types\/page"}],"author":[{"embeddable":true,"href":"https:\/\/samatrix.net\/index.php?rest_route=\/wp\/v2\/users\/1"}],"replies":[{"embeddable":true,"href":"https:\/\/samatrix.net\/index.php?rest_route=%2Fwp%2Fv2%2Fcomments&post=760"}],"version-history":[{"count":4,"href":"https:\/\/samatrix.net\/index.php?rest_route=\/wp\/v2\/pages\/760\/revisions"}],"predecessor-version":[{"id":793,"href":"https:\/\/samatrix.net\/index.php?rest_route=\/wp\/v2\/pages\/760\/revisions\/793"}],"wp:attachment":[{"href":"https:\/\/samatrix.net\/index.php?rest_route=%2Fwp%2Fv2%2Fmedia&parent=760"}],"curies":[{"name":"wp","href":"https:\/\/api.w.org\/{rel}","templated":true}]}}